{"id":11,"date":"2025-01-20T14:03:07","date_gmt":"2025-01-20T09:03:07","guid":{"rendered":"https:\/\/tecuani.tv\/?page_id=11"},"modified":"2025-02-04T09:09:36","modified_gmt":"2025-02-04T04:09:36","slug":"inicio","status":"publish","type":"page","link":"https:\/\/tecuani.tv\/","title":{"rendered":"Inicio"},"content":{"rendered":"\r\n<p><img fetchpriority=\"high\" decoding=\"async\" class=\"wp-image-179 aligncenter\" src=\"https:\/\/tecuani.tv\/wp-content\/uploads\/2025\/02\/Banner-300x113.png\" alt=\"\" width=\"935\" height=\"352\" srcset=\"https:\/\/tecuani.tv\/wp-content\/uploads\/2025\/02\/Banner-300x113.png 300w, https:\/\/tecuani.tv\/wp-content\/uploads\/2025\/02\/Banner-768x290.png 768w, https:\/\/tecuani.tv\/wp-content\/uploads\/2025\/02\/Banner.png 797w\" sizes=\"(max-width: 935px) 100vw, 935px\" \/>`<\/p>\r\n<h1 style=\"text-align: center;\"><strong>T\u00edtulo:<\/strong> Tecuani &#8211; De ni\u00f1o a esp\u00edritu jaguar<\/h1>\r\n<h3 style=\"text-align: center;\"><strong>Autor:<\/strong> C\u00e9sar \u201cCano\u201d Molin\u00e9 (Puerto Rico, Residente en Florida)<\/h3>\r\n<h3 style=\"text-align: center;\"><strong>G\u00e9nero:<\/strong> Drama \u00e9pico de acci\u00f3n y realismo m\u00e1gico<\/h3>\r\n<h3 style=\"text-align: center;\"><strong>Formato: <\/strong>Miniserie para TV de 8 episodios de 48 minutos<\/h3>\r\n<h3 style=\"text-align: center;\"><strong>Audiencia: <\/strong>TV MA (Desnudez, violencia, drogas y contenido expl\u00edcito)<\/h3>\r\n<h3 style=\"text-align: center;\"><strong>Idioma:<\/strong> espa\u00f1ol con algunos di\u00e1logos en ingl\u00e9s y n\u00e1huatl<\/h3>\r\n<h3 style=\"text-align: center;\"><strong>Lema (Tagline):<\/strong> Superar la frontera, una proeza; domar el esp\u00edritu, \u00e9pico.<\/h3>\r\n<p><strong>L\u00ednea argumental (Logline): <\/strong>Un ni\u00f1o ind\u00edgena clarividente es arrancado de su hogar y llevado ilegalmente a Estados Unidos, donde crece entre la violencia social y el misticismo ancestral. A\u00f1os despu\u00e9s, se reencuentra con su familia, ahora integrada al sue\u00f1o americano, en una \u00e9pica confrontaci\u00f3n que explora identidad, sacrificio y redenci\u00f3n.<\/p>\r\n<p><strong>Argumento: <\/strong>Ariel, un ni\u00f1o ind\u00edgena clarividente, es arrebatado de su familia por Diego, su padre, y cruzado ilegalmente de M\u00e9xico a los Estados Unidos. Tras una peligrosa aventura fronteriza y las experiencias como jornalero agr\u00edcola, Ariel crece dentro de una vida tribal sioux, y como joven adulto, se involucra en el crimen organizado.<\/p>\r\n<p>Mientras tanto, Valeria, su madre, y Jes\u00fas, su hermano menor, cruzan la frontera de forma m\u00e1s segura. Se establecen en Estados Unidos y logran integrarse al sue\u00f1o americano, construyendo una vida exitosa en la que Jes\u00fas, criado como norteamericano, alcanza el prestigio de convertirse en agente de la ley.<\/p>\r\n<p>Quince a\u00f1os despu\u00e9s, las dos facciones de la familia se enfrentan como enemigos atrapados en el oscuro mundo del tr\u00e1fico humano. De esta lucha a muerte, Ariel renace como Tecuani, uniendo su misticismo ind\u00edgena con su imperfecta humanidad en una \u00e9pica que explora la identidad, el sacrificio, la familia y la redenci\u00f3n.<\/p>\r\n","protected":false},"excerpt":{"rendered":"<p>` T\u00edtulo: Tecuani &#8211; De ni\u00f1o a esp\u00edritu jaguar Autor: C\u00e9sar \u201cCano\u201d Molin\u00e9 (Puerto Rico, Residente en Florida) G\u00e9nero: Drama \u00e9pico de acci\u00f3n y realismo m\u00e1gico Formato: Miniserie para TV de 8 episodios de 48 minutos Audiencia: TV MA (Desnudez, violencia, drogas y contenido expl\u00edcito) Idioma: espa\u00f1ol con algunos di\u00e1logos en ingl\u00e9s y n\u00e1huatl Lema &#8230; <a title=\"Inicio\" class=\"read-more\" href=\"https:\/\/tecuani.tv\/\" aria-label=\"Leer m\u00e1s sobre Inicio\">Leer m\u00e1s<\/a><\/p>\n","protected":false},"author":1,"featured_media":0,"parent":0,"menu_order":0,"comment_status":"closed","ping_status":"closed","template":"","meta":{"footnotes":""},"class_list":["post-11","page","type-page","status-publish"],"yoast_head":"<!-- This site is optimized with the Yoast SEO plugin v24.3 - https:\/\/yoast.com\/wordpress\/plugins\/seo\/ -->\n<title>Inicio - TECUANI - TV Series<\/title>\n<meta name=\"robots\" content=\"index, follow, max-snippet:-1, max-image-preview:large, max-video-preview:-1\" \/>\n<link rel=\"canonical\" href=\"https:\/\/tecuani.tv\/\" \/>\n<meta property=\"og:locale\" content=\"es_ES\" \/>\n<meta property=\"og:type\" content=\"article\" \/>\n<meta property=\"og:title\" content=\"Inicio - TECUANI - TV Series\" \/>\n<meta property=\"og:description\" content=\"` T\u00edtulo: Tecuani &#8211; De ni\u00f1o a esp\u00edritu jaguar Autor: C\u00e9sar \u201cCano\u201d Molin\u00e9 (Puerto Rico, Residente en Florida) G\u00e9nero: Drama \u00e9pico de acci\u00f3n y realismo m\u00e1gico Formato: Miniserie para TV de 8 episodios de 48 minutos Audiencia: TV MA (Desnudez, violencia, drogas y contenido expl\u00edcito) Idioma: espa\u00f1ol con algunos di\u00e1logos en ingl\u00e9s y n\u00e1huatl Lema ... Leer m\u00e1s\" \/>\n<meta property=\"og:url\" content=\"https:\/\/tecuani.tv\/\" \/>\n<meta property=\"og:site_name\" content=\"TECUANI - TV Series\" \/>\n<meta property=\"article:modified_time\" content=\"2025-02-04T04:09:36+00:00\" \/>\n<meta property=\"og:image\" content=\"https:\/\/tecuani.tv\/wp-content\/uploads\/2025\/02\/Banner.png\" \/>\n\t<meta property=\"og:image:width\" content=\"797\" \/>\n\t<meta property=\"og:image:height\" content=\"301\" \/>\n\t<meta property=\"og:image:type\" content=\"image\/png\" \/>\n<meta name=\"twitter:card\" content=\"summary_large_image\" \/>\n<meta name=\"twitter:label1\" content=\"Tiempo de lectura\" \/>\n\t<meta name=\"twitter:data1\" content=\"2 minutos\" \/>\n<script type=\"application\/ld+json\" class=\"yoast-schema-graph\">{\"@context\":\"https:\/\/schema.org\",\"@graph\":[{\"@type\":\"WebPage\",\"@id\":\"https:\/\/tecuani.tv\/\",\"url\":\"https:\/\/tecuani.tv\/\",\"name\":\"Inicio - TECUANI - TV Series\",\"isPartOf\":{\"@id\":\"https:\/\/tecuani.tv\/#website\"},\"primaryImageOfPage\":{\"@id\":\"https:\/\/tecuani.tv\/#primaryimage\"},\"image\":{\"@id\":\"https:\/\/tecuani.tv\/#primaryimage\"},\"thumbnailUrl\":\"https:\/\/tecuani.tv\/wp-content\/uploads\/2025\/02\/Banner-300x113.png\",\"datePublished\":\"2025-01-20T09:03:07+00:00\",\"dateModified\":\"2025-02-04T04:09:36+00:00\",\"breadcrumb\":{\"@id\":\"https:\/\/tecuani.tv\/#breadcrumb\"},\"inLanguage\":\"es\",\"potentialAction\":[{\"@type\":\"ReadAction\",\"target\":[\"https:\/\/tecuani.tv\/\"]}]},{\"@type\":\"ImageObject\",\"inLanguage\":\"es\",\"@id\":\"https:\/\/tecuani.tv\/#primaryimage\",\"url\":\"https:\/\/tecuani.tv\/wp-content\/uploads\/2025\/02\/Banner.png\",\"contentUrl\":\"https:\/\/tecuani.tv\/wp-content\/uploads\/2025\/02\/Banner.png\",\"width\":797,\"height\":301},{\"@type\":\"BreadcrumbList\",\"@id\":\"https:\/\/tecuani.tv\/#breadcrumb\",\"itemListElement\":[{\"@type\":\"ListItem\",\"position\":1,\"name\":\"Portada\",\"item\":\"https:\/\/tecuani.tv\/\"},{\"@type\":\"ListItem\",\"position\":2,\"name\":\"Inicio\"}]},{\"@type\":\"WebSite\",\"@id\":\"https:\/\/tecuani.tv\/#website\",\"url\":\"https:\/\/tecuani.tv\/\",\"name\":\"TECUANI - TV Series\",\"description\":\"De ni\u00f1o a esp\u00edritu jaguar\",\"potentialAction\":[{\"@type\":\"SearchAction\",\"target\":{\"@type\":\"EntryPoint\",\"urlTemplate\":\"https:\/\/tecuani.tv\/?s={search_term_string}\"},\"query-input\":{\"@type\":\"PropertyValueSpecification\",\"valueRequired\":true,\"valueName\":\"search_term_string\"}}],\"inLanguage\":\"es\"}]}<\/script>\n<!-- \/ Yoast SEO plugin. -->","yoast_head_json":{"title":"Inicio - TECUANI - TV Series","robots":{"index":"index","follow":"follow","max-snippet":"max-snippet:-1","max-image-preview":"max-image-preview:large","max-video-preview":"max-video-preview:-1"},"canonical":"https:\/\/tecuani.tv\/","og_locale":"es_ES","og_type":"article","og_title":"Inicio - TECUANI - TV Series","og_description":"` T\u00edtulo: Tecuani &#8211; De ni\u00f1o a esp\u00edritu jaguar Autor: C\u00e9sar \u201cCano\u201d Molin\u00e9 (Puerto Rico, Residente en Florida) G\u00e9nero: Drama \u00e9pico de acci\u00f3n y realismo m\u00e1gico Formato: Miniserie para TV de 8 episodios de 48 minutos Audiencia: TV MA (Desnudez, violencia, drogas y contenido expl\u00edcito) Idioma: espa\u00f1ol con algunos di\u00e1logos en ingl\u00e9s y n\u00e1huatl Lema ... Leer m\u00e1s","og_url":"https:\/\/tecuani.tv\/","og_site_name":"TECUANI - TV Series","article_modified_time":"2025-02-04T04:09:36+00:00","og_image":[{"width":797,"height":301,"url":"https:\/\/tecuani.tv\/wp-content\/uploads\/2025\/02\/Banner.png","type":"image\/png"}],"twitter_card":"summary_large_image","twitter_misc":{"Tiempo de lectura":"2 minutos"},"schema":{"@context":"https:\/\/schema.org","@graph":[{"@type":"WebPage","@id":"https:\/\/tecuani.tv\/","url":"https:\/\/tecuani.tv\/","name":"Inicio - TECUANI - TV Series","isPartOf":{"@id":"https:\/\/tecuani.tv\/#website"},"primaryImageOfPage":{"@id":"https:\/\/tecuani.tv\/#primaryimage"},"image":{"@id":"https:\/\/tecuani.tv\/#primaryimage"},"thumbnailUrl":"https:\/\/tecuani.tv\/wp-content\/uploads\/2025\/02\/Banner-300x113.png","datePublished":"2025-01-20T09:03:07+00:00","dateModified":"2025-02-04T04:09:36+00:00","breadcrumb":{"@id":"https:\/\/tecuani.tv\/#breadcrumb"},"inLanguage":"es","potentialAction":[{"@type":"ReadAction","target":["https:\/\/tecuani.tv\/"]}]},{"@type":"ImageObject","inLanguage":"es","@id":"https:\/\/tecuani.tv\/#primaryimage","url":"https:\/\/tecuani.tv\/wp-content\/uploads\/2025\/02\/Banner.png","contentUrl":"https:\/\/tecuani.tv\/wp-content\/uploads\/2025\/02\/Banner.png","width":797,"height":301},{"@type":"BreadcrumbList","@id":"https:\/\/tecuani.tv\/#breadcrumb","itemListElement":[{"@type":"ListItem","position":1,"name":"Portada","item":"https:\/\/tecuani.tv\/"},{"@type":"ListItem","position":2,"name":"Inicio"}]},{"@type":"WebSite","@id":"https:\/\/tecuani.tv\/#website","url":"https:\/\/tecuani.tv\/","name":"TECUANI - TV Series","description":"De ni\u00f1o a esp\u00edritu jaguar","potentialAction":[{"@type":"SearchAction","target":{"@type":"EntryPoint","urlTemplate":"https:\/\/tecuani.tv\/?s={search_term_string}"},"query-input":{"@type":"PropertyValueSpecification","valueRequired":true,"valueName":"search_term_string"}}],"inLanguage":"es"}]}},"jetpack_sharing_enabled":true,"_links":{"self":[{"href":"https:\/\/tecuani.tv\/index.php?rest_route=\/wp\/v2\/pages\/11","targetHints":{"allow":["GET"]}}],"collection":[{"href":"https:\/\/tecuani.tv\/index.php?rest_route=\/wp\/v2\/pages"}],"about":[{"href":"https:\/\/tecuani.tv\/index.php?rest_route=\/wp\/v2\/types\/page"}],"author":[{"embeddable":true,"href":"https:\/\/tecuani.tv\/index.php?rest_route=\/wp\/v2\/users\/1"}],"replies":[{"embeddable":true,"href":"https:\/\/tecuani.tv\/index.php?rest_route=%2Fwp%2Fv2%2Fcomments&post=11"}],"version-history":[{"count":14,"href":"https:\/\/tecuani.tv\/index.php?rest_route=\/wp\/v2\/pages\/11\/revisions"}],"predecessor-version":[{"id":180,"href":"https:\/\/tecuani.tv\/index.php?rest_route=\/wp\/v2\/pages\/11\/revisions\/180"}],"wp:attachment":[{"href":"https:\/\/tecuani.tv\/index.php?rest_route=%2Fwp%2Fv2%2Fmedia&parent=11"}],"curies":[{"name":"wp","href":"https:\/\/api.w.org\/{rel}","templated":true}]}}